{"id":906,"date":"2023-08-16T11:31:44","date_gmt":"2023-08-16T11:31:44","guid":{"rendered":"https:\/\/express.is\/?page_id=906"},"modified":"2023-08-16T12:25:42","modified_gmt":"2023-08-16T12:25:42","slug":"saekja-um-vidskiptanumer","status":"publish","type":"page","link":"https:\/\/express.is\/en\/ups-worldship\/saekja-um-vidskiptanumer\/","title":{"rendered":"S\u00e6kja um vi\u00f0skiptan\u00famer"},"content":{"rendered":"","protected":false},"excerpt":{"rendered":"","protected":false},"author":1,"featured_media":0,"parent":140,"menu_order":0,"comment_status":"closed","ping_status":"closed","template":"page-elements.php","meta":{"_acf_changed":false,"footnotes":""},"class_list":["post-906","page","type-page","status-publish","hentry"],"acf":[],"_links":{"self":[{"href":"https:\/\/express.is\/en\/wp-json\/wp\/v2\/pages\/906","targetHints":{"allow":["GET"]}}],"collection":[{"href":"https:\/\/express.is\/en\/wp-json\/wp\/v2\/pages"}],"about":[{"href":"https:\/\/express.is\/en\/wp-json\/wp\/v2\/types\/page"}],"author":[{"embeddable":true,"href":"https:\/\/express.is\/en\/wp-json\/wp\/v2\/users\/1"}],"replies":[{"embeddable":true,"href":"https:\/\/express.is\/en\/wp-json\/wp\/v2\/comments?post=906"}],"version-history":[{"count":0,"href":"https:\/\/express.is\/en\/wp-json\/wp\/v2\/pages\/906\/revisions"}],"up":[{"embeddable":true,"href":"https:\/\/express.is\/en\/wp-json\/wp\/v2\/pages\/140"}],"wp:attachment":[{"href":"https:\/\/express.is\/en\/wp-json\/wp\/v2\/media?parent=906"}],"curies":[{"name":"wp","href":"https:\/\/api.w.org\/{rel}","templated":true}]}}